{"id":1704,"date":"2021-10-24T15:38:46","date_gmt":"2021-10-24T14:38:46","guid":{"rendered":"http:\/\/aquarellepassion.fr\/wordpress\/?page_id=1704"},"modified":"2021-11-30T09:32:27","modified_gmt":"2021-11-30T08:32:27","slug":"evenement-a-venir","status":"publish","type":"page","link":"https:\/\/aquarellepassion.fr\/wordpress\/?page_id=1704","title":{"rendered":"Semaine europ\u00e9enne de la r\u00e9duction des d\u00e9chets P\u00f4le culturel et scientifique de rochelle 30100 ALES avec  l&#8217;atelier couture de la maison pour tous rue Louis Aragon les C\u00e9vennes"},"content":{"rendered":"<p><img loading=\"lazy\" decoding=\"async\" class=\"alignright size-medium wp-image-1809\" src=\"http:\/\/aquarellepassion.fr\/wordpress\/wp-content\/uploads\/IMG_0305-300x200.jpg\" alt=\"\" width=\"300\" height=\"200\" srcset=\"https:\/\/aquarellepassion.fr\/wordpress\/wp-content\/uploads\/IMG_0305-300x200.jpg 300w, https:\/\/aquarellepassion.fr\/wordpress\/wp-content\/uploads\/IMG_0305-1024x683.jpg 1024w, https:\/\/aquarellepassion.fr\/wordpress\/wp-content\/uploads\/IMG_0305-768x512.jpg 768w, https:\/\/aquarellepassion.fr\/wordpress\/wp-content\/uploads\/IMG_0305-1536x1024.jpg 1536w, https:\/\/aquarellepassion.fr\/wordpress\/wp-content\/uploads\/IMG_0305-2048x1365.jpg 2048w\" sizes=\"(max-width: 300px) 100vw, 300px\" \/> <img loading=\"lazy\" decoding=\"async\" class=\"size-medium wp-image-1810 alignleft\" src=\"http:\/\/aquarellepassion.fr\/wordpress\/wp-content\/uploads\/IMG_0445-300x200.jpg\" alt=\"\" width=\"300\" height=\"200\" srcset=\"https:\/\/aquarellepassion.fr\/wordpress\/wp-content\/uploads\/IMG_0445-300x200.jpg 300w, https:\/\/aquarellepassion.fr\/wordpress\/wp-content\/uploads\/IMG_0445-1024x683.jpg 1024w, https:\/\/aquarellepassion.fr\/wordpress\/wp-content\/uploads\/IMG_0445-768x512.jpg 768w, https:\/\/aquarellepassion.fr\/wordpress\/wp-content\/uploads\/IMG_0445-1536x1024.jpg 1536w, https:\/\/aquarellepassion.fr\/wordpress\/wp-content\/uploads\/IMG_0445-2048x1365.jpg 2048w\" sizes=\"(max-width: 300px) 100vw, 300px\" \/><img loading=\"lazy\" decoding=\"async\" class=\"wp-image-1770 aligncenter\" src=\"http:\/\/aquarellepassion.fr\/wordpress\/wp-content\/uploads\/Semaine-europ\u00e9enne-de-la-r\u00e9duction-des-d\u00e9chets-P\u00f4le-cultele-et-scientifique-de-rochebelle-30100-ALES.jpeg-300x218.jpeg\" alt=\"\" width=\"649\" height=\"472\" srcset=\"https:\/\/aquarellepassion.fr\/wordpress\/wp-content\/uploads\/Semaine-europ\u00e9enne-de-la-r\u00e9duction-des-d\u00e9chets-P\u00f4le-cultele-et-scientifique-de-rochebelle-30100-ALES.jpeg-300x218.jpeg 300w, https:\/\/aquarellepassion.fr\/wordpress\/wp-content\/uploads\/Semaine-europ\u00e9enne-de-la-r\u00e9duction-des-d\u00e9chets-P\u00f4le-cultele-et-scientifique-de-rochebelle-30100-ALES.jpeg-768x558.jpeg 768w, https:\/\/aquarellepassion.fr\/wordpress\/wp-content\/uploads\/Semaine-europ\u00e9enne-de-la-r\u00e9duction-des-d\u00e9chets-P\u00f4le-cultele-et-scientifique-de-rochebelle-30100-ALES.jpeg-1024x745.jpeg 1024w\" sizes=\"(max-width: 649px) 100vw, 649px\" \/> <img loading=\"lazy\" decoding=\"async\" class=\"wp-image-1807 aligncenter\" src=\"http:\/\/aquarellepassion.fr\/wordpress\/wp-content\/uploads\/Affiche-defile-de-mode-27-11-2021-218x300.jpeg\" alt=\"\" width=\"287\" height=\"395\" srcset=\"https:\/\/aquarellepassion.fr\/wordpress\/wp-content\/uploads\/Affiche-defile-de-mode-27-11-2021-218x300.jpeg 218w, https:\/\/aquarellepassion.fr\/wordpress\/wp-content\/uploads\/Affiche-defile-de-mode-27-11-2021-745x1024.jpeg 745w, https:\/\/aquarellepassion.fr\/wordpress\/wp-content\/uploads\/Affiche-defile-de-mode-27-11-2021-768x1056.jpeg 768w, https:\/\/aquarellepassion.fr\/wordpress\/wp-content\/uploads\/Affiche-defile-de-mode-27-11-2021-1117x1536.jpeg 1117w, https:\/\/aquarellepassion.fr\/wordpress\/wp-content\/uploads\/Affiche-defile-de-mode-27-11-2021-1489x2048.jpeg 1489w, https:\/\/aquarellepassion.fr\/wordpress\/wp-content\/uploads\/Affiche-defile-de-mode-27-11-2021-scaled.jpeg 1861w\" sizes=\"(max-width: 287px) 100vw, 287px\" \/><img loading=\"lazy\" decoding=\"async\" class=\"alignright size-medium wp-image-1803\" src=\"http:\/\/aquarellepassion.fr\/wordpress\/wp-content\/uploads\/IMG_0395-300x200.jpg\" alt=\"\" width=\"300\" height=\"200\" srcset=\"https:\/\/aquarellepassion.fr\/wordpress\/wp-content\/uploads\/IMG_0395-300x200.jpg 300w, https:\/\/aquarellepassion.fr\/wordpress\/wp-content\/uploads\/IMG_0395-1024x683.jpg 1024w, https:\/\/aquarellepassion.fr\/wordpress\/wp-content\/uploads\/IMG_0395-768x512.jpg 768w, https:\/\/aquarellepassion.fr\/wordpress\/wp-content\/uploads\/IMG_0395-1536x1024.jpg 1536w, https:\/\/aquarellepassion.fr\/wordpress\/wp-content\/uploads\/IMG_0395-2048x1365.jpg 2048w\" sizes=\"(max-width: 300px) 100vw, 300px\" \/> <img loading=\"lazy\" decoding=\"async\" class=\"size-medium wp-image-1802 alignleft\" src=\"http:\/\/aquarellepassion.fr\/wordpress\/wp-content\/uploads\/IMG_0434-300x200.jpg\" alt=\"\" width=\"300\" height=\"200\" srcset=\"https:\/\/aquarellepassion.fr\/wordpress\/wp-content\/uploads\/IMG_0434-300x200.jpg 300w, https:\/\/aquarellepassion.fr\/wordpress\/wp-content\/uploads\/IMG_0434-1024x683.jpg 1024w, https:\/\/aquarellepassion.fr\/wordpress\/wp-content\/uploads\/IMG_0434-768x512.jpg 768w, https:\/\/aquarellepassion.fr\/wordpress\/wp-content\/uploads\/IMG_0434-1536x1024.jpg 1536w, https:\/\/aquarellepassion.fr\/wordpress\/wp-content\/uploads\/IMG_0434-2048x1365.jpg 2048w\" sizes=\"(max-width: 300px) 100vw, 300px\" \/> <img loading=\"lazy\" decoding=\"async\" class=\"alignright size-medium wp-image-1805\" src=\"http:\/\/aquarellepassion.fr\/wordpress\/wp-content\/uploads\/IMG_0434-1-300x200.jpg\" alt=\"\" width=\"300\" height=\"200\" srcset=\"https:\/\/aquarellepassion.fr\/wordpress\/wp-content\/uploads\/IMG_0434-1-300x200.jpg 300w, https:\/\/aquarellepassion.fr\/wordpress\/wp-content\/uploads\/IMG_0434-1-1024x683.jpg 1024w, https:\/\/aquarellepassion.fr\/wordpress\/wp-content\/uploads\/IMG_0434-1-768x512.jpg 768w, https:\/\/aquarellepassion.fr\/wordpress\/wp-content\/uploads\/IMG_0434-1-1536x1024.jpg 1536w, https:\/\/aquarellepassion.fr\/wordpress\/wp-content\/uploads\/IMG_0434-1-2048x1365.jpg 2048w\" sizes=\"(max-width: 300px) 100vw, 300px\" \/> <img loading=\"lazy\" decoding=\"async\" class=\"size-medium wp-image-1804 alignleft\" src=\"http:\/\/aquarellepassion.fr\/wordpress\/wp-content\/uploads\/IMG_0442-300x200.jpg\" alt=\"\" width=\"300\" height=\"200\" srcset=\"https:\/\/aquarellepassion.fr\/wordpress\/wp-content\/uploads\/IMG_0442-300x200.jpg 300w, https:\/\/aquarellepassion.fr\/wordpress\/wp-content\/uploads\/IMG_0442-1024x683.jpg 1024w, https:\/\/aquarellepassion.fr\/wordpress\/wp-content\/uploads\/IMG_0442-768x512.jpg 768w, https:\/\/aquarellepassion.fr\/wordpress\/wp-content\/uploads\/IMG_0442-1536x1024.jpg 1536w, https:\/\/aquarellepassion.fr\/wordpress\/wp-content\/uploads\/IMG_0442-2048x1365.jpg 2048w\" sizes=\"(max-width: 300px) 100vw, 300px\" \/><\/p>\r\n","protected":false},"excerpt":{"rendered":"","protected":false},"author":1,"featured_media":0,"parent":0,"menu_order":0,"comment_status":"closed","ping_status":"closed","template":"","meta":{"footnotes":""},"_links":{"self":[{"href":"https:\/\/aquarellepassion.fr\/wordpress\/index.php?rest_route=\/wp\/v2\/pages\/1704"}],"collection":[{"href":"https:\/\/aquarellepassion.fr\/wordpress\/index.php?rest_route=\/wp\/v2\/pages"}],"about":[{"href":"https:\/\/aquarellepassion.fr\/wordpress\/index.php?rest_route=\/wp\/v2\/types\/page"}],"author":[{"embeddable":true,"href":"https:\/\/aquarellepassion.fr\/wordpress\/index.php?rest_route=\/wp\/v2\/users\/1"}],"replies":[{"embeddable":true,"href":"https:\/\/aquarellepassion.fr\/wordpress\/index.php?rest_route=%2Fwp%2Fv2%2Fcomments&post=1704"}],"version-history":[{"count":26,"href":"https:\/\/aquarellepassion.fr\/wordpress\/index.php?rest_route=\/wp\/v2\/pages\/1704\/revisions"}],"predecessor-version":[{"id":1811,"href":"https:\/\/aquarellepassion.fr\/wordpress\/index.php?rest_route=\/wp\/v2\/pages\/1704\/revisions\/1811"}],"wp:attachment":[{"href":"https:\/\/aquarellepassion.fr\/wordpress\/index.php?rest_route=%2Fwp%2Fv2%2Fmedia&parent=1704"}],"curies":[{"name":"wp","href":"https:\/\/api.w.org\/{rel}","templated":true}]}}