{"id":1760,"date":"2021-10-25T18:28:41","date_gmt":"2021-10-25T17:28:41","guid":{"rendered":"http:\/\/aquarellepassion.fr\/wordpress\/?page_id=1760"},"modified":"2022-09-04T15:06:32","modified_gmt":"2022-09-04T14:06:32","slug":"evenement-a-venir-5","status":"publish","type":"page","link":"https:\/\/aquarellepassion.fr\/wordpress\/?page_id=1760","title":{"rendered":"Forum des associations 1901 d\u2019al\u00e9s  Le 03 septembre 2022"},"content":{"rendered":"<figure id=\"attachment_1914\" aria-describedby=\"caption-attachment-1914\" style=\"width: 225px\" class=\"wp-caption aligncenter\"><img loading=\"lazy\" decoding=\"async\" class=\"wp-image-1914 size-medium\" src=\"http:\/\/aquarellepassion.fr\/wordpress\/wp-content\/uploads\/IMG_1682-225x300.jpg\" alt=\"\" width=\"225\" height=\"300\" srcset=\"https:\/\/aquarellepassion.fr\/wordpress\/wp-content\/uploads\/IMG_1682-225x300.jpg 225w, https:\/\/aquarellepassion.fr\/wordpress\/wp-content\/uploads\/IMG_1682-768x1024.jpg 768w, https:\/\/aquarellepassion.fr\/wordpress\/wp-content\/uploads\/IMG_1682-1152x1536.jpg 1152w, https:\/\/aquarellepassion.fr\/wordpress\/wp-content\/uploads\/IMG_1682-1536x2048.jpg 1536w, https:\/\/aquarellepassion.fr\/wordpress\/wp-content\/uploads\/IMG_1682-scaled.jpg 1920w\" sizes=\"(max-width: 225px) 100vw, 225px\" \/><figcaption id=\"caption-attachment-1914\" class=\"wp-caption-text\"><strong> Colette Notre animatrice pr\u00e9f\u00e9r\u00e9e en pleine action de d\u00e9monstration<\/strong><\/figcaption><\/figure>\n<figure id=\"attachment_1916\" aria-describedby=\"caption-attachment-1916\" style=\"width: 225px\" class=\"wp-caption alignright\"><img loading=\"lazy\" decoding=\"async\" class=\"wp-image-1916 size-medium\" src=\"http:\/\/aquarellepassion.fr\/wordpress\/wp-content\/uploads\/IMG_1690-225x300.jpg\" alt=\"Colette l'animatrice \" width=\"225\" height=\"300\" srcset=\"https:\/\/aquarellepassion.fr\/wordpress\/wp-content\/uploads\/IMG_1690-225x300.jpg 225w, https:\/\/aquarellepassion.fr\/wordpress\/wp-content\/uploads\/IMG_1690-768x1024.jpg 768w, https:\/\/aquarellepassion.fr\/wordpress\/wp-content\/uploads\/IMG_1690-1152x1536.jpg 1152w, https:\/\/aquarellepassion.fr\/wordpress\/wp-content\/uploads\/IMG_1690-1536x2048.jpg 1536w, https:\/\/aquarellepassion.fr\/wordpress\/wp-content\/uploads\/IMG_1690-scaled.jpg 1920w\" sizes=\"(max-width: 225px) 100vw, 225px\" \/><figcaption id=\"caption-attachment-1916\" class=\"wp-caption-text\">Colette notre animatrice en pleine action de d\u00e9monstration<\/figcaption><\/figure>\n<figure id=\"attachment_1915\" aria-describedby=\"caption-attachment-1915\" style=\"width: 225px\" class=\"wp-caption alignnone\"><img loading=\"lazy\" decoding=\"async\" class=\"wp-image-1915 size-medium\" src=\"http:\/\/aquarellepassion.fr\/wordpress\/wp-content\/uploads\/IMG_1685-225x300.jpg\" alt=\"\" width=\"225\" height=\"300\" srcset=\"https:\/\/aquarellepassion.fr\/wordpress\/wp-content\/uploads\/IMG_1685-225x300.jpg 225w, https:\/\/aquarellepassion.fr\/wordpress\/wp-content\/uploads\/IMG_1685-768x1024.jpg 768w, https:\/\/aquarellepassion.fr\/wordpress\/wp-content\/uploads\/IMG_1685-1152x1536.jpg 1152w, https:\/\/aquarellepassion.fr\/wordpress\/wp-content\/uploads\/IMG_1685-1536x2048.jpg 1536w, https:\/\/aquarellepassion.fr\/wordpress\/wp-content\/uploads\/IMG_1685-scaled.jpg 1920w\" sizes=\"(max-width: 225px) 100vw, 225px\" \/><figcaption id=\"caption-attachment-1915\" class=\"wp-caption-text\">Colette Notre animatrice en pleine action de d\u00e9monstration<\/figcaption><\/figure>\n","protected":false},"excerpt":{"rendered":"","protected":false},"author":1,"featured_media":0,"parent":0,"menu_order":0,"comment_status":"closed","ping_status":"closed","template":"","meta":{"footnotes":""},"_links":{"self":[{"href":"https:\/\/aquarellepassion.fr\/wordpress\/index.php?rest_route=\/wp\/v2\/pages\/1760"}],"collection":[{"href":"https:\/\/aquarellepassion.fr\/wordpress\/index.php?rest_route=\/wp\/v2\/pages"}],"about":[{"href":"https:\/\/aquarellepassion.fr\/wordpress\/index.php?rest_route=\/wp\/v2\/types\/page"}],"author":[{"embeddable":true,"href":"https:\/\/aquarellepassion.fr\/wordpress\/index.php?rest_route=\/wp\/v2\/users\/1"}],"replies":[{"embeddable":true,"href":"https:\/\/aquarellepassion.fr\/wordpress\/index.php?rest_route=%2Fwp%2Fv2%2Fcomments&post=1760"}],"version-history":[{"count":11,"href":"https:\/\/aquarellepassion.fr\/wordpress\/index.php?rest_route=\/wp\/v2\/pages\/1760\/revisions"}],"predecessor-version":[{"id":1925,"href":"https:\/\/aquarellepassion.fr\/wordpress\/index.php?rest_route=\/wp\/v2\/pages\/1760\/revisions\/1925"}],"wp:attachment":[{"href":"https:\/\/aquarellepassion.fr\/wordpress\/index.php?rest_route=%2Fwp%2Fv2%2Fmedia&parent=1760"}],"curies":[{"name":"wp","href":"https:\/\/api.w.org\/{rel}","templated":true}]}}