{"id":1882,"date":"2022-08-07T15:55:33","date_gmt":"2022-08-07T14:55:33","guid":{"rendered":"http:\/\/aquarellepassion.fr\/wordpress\/?page_id=1882"},"modified":"2023-01-05T19:09:11","modified_gmt":"2023-01-05T18:09:11","slug":"a-venir-6","status":"publish","type":"page","link":"https:\/\/aquarellepassion.fr\/wordpress\/?page_id=1882","title":{"rendered":"D\u00e9fil\u00e9 de mode du 26 Novembre 2022 dans le cadre des transformations des d\u00e9chets sur le site du p\u00f4le culturel et scientifique de Rochebelle avec le concours des \u00e9l\u00e8ves de l&#8217;atelier de couture d&#8217;Aquarellepassion"},"content":{"rendered":"<p><img loading=\"lazy\" decoding=\"async\" class=\"alignnone size-medium wp-image-1978\" src=\"http:\/\/aquarellepassion.fr\/wordpress\/wp-content\/uploads\/IMG_1812-4-225x300.jpg\" alt=\"\" width=\"225\" height=\"300\" srcset=\"https:\/\/aquarellepassion.fr\/wordpress\/wp-content\/uploads\/IMG_1812-4-225x300.jpg 225w, https:\/\/aquarellepassion.fr\/wordpress\/wp-content\/uploads\/IMG_1812-4-768x1024.jpg 768w, https:\/\/aquarellepassion.fr\/wordpress\/wp-content\/uploads\/IMG_1812-4-1152x1536.jpg 1152w, https:\/\/aquarellepassion.fr\/wordpress\/wp-content\/uploads\/IMG_1812-4-1536x2048.jpg 1536w, https:\/\/aquarellepassion.fr\/wordpress\/wp-content\/uploads\/IMG_1812-4-scaled.jpg 1920w\" sizes=\"(max-width: 225px) 100vw, 225px\" \/><img loading=\"lazy\" decoding=\"async\" class=\"alignnone size-medium wp-image-1979\" src=\"http:\/\/aquarellepassion.fr\/wordpress\/wp-content\/uploads\/IMG_1854-5-225x300.jpg\" alt=\"\" width=\"225\" height=\"300\" srcset=\"https:\/\/aquarellepassion.fr\/wordpress\/wp-content\/uploads\/IMG_1854-5-225x300.jpg 225w, https:\/\/aquarellepassion.fr\/wordpress\/wp-content\/uploads\/IMG_1854-5-768x1024.jpg 768w, https:\/\/aquarellepassion.fr\/wordpress\/wp-content\/uploads\/IMG_1854-5-1152x1536.jpg 1152w, https:\/\/aquarellepassion.fr\/wordpress\/wp-content\/uploads\/IMG_1854-5-1536x2048.jpg 1536w, https:\/\/aquarellepassion.fr\/wordpress\/wp-content\/uploads\/IMG_1854-5-scaled.jpg 1920w\" sizes=\"(max-width: 225px) 100vw, 225px\" \/> <img loading=\"lazy\" decoding=\"async\" class=\"alignnone size-medium wp-image-1980\" src=\"http:\/\/aquarellepassion.fr\/wordpress\/wp-content\/uploads\/IMG_1863-6-225x300.jpg\" alt=\"\" width=\"225\" height=\"300\" srcset=\"https:\/\/aquarellepassion.fr\/wordpress\/wp-content\/uploads\/IMG_1863-6-225x300.jpg 225w, https:\/\/aquarellepassion.fr\/wordpress\/wp-content\/uploads\/IMG_1863-6-768x1024.jpg 768w, https:\/\/aquarellepassion.fr\/wordpress\/wp-content\/uploads\/IMG_1863-6-1152x1536.jpg 1152w, https:\/\/aquarellepassion.fr\/wordpress\/wp-content\/uploads\/IMG_1863-6-1536x2048.jpg 1536w, https:\/\/aquarellepassion.fr\/wordpress\/wp-content\/uploads\/IMG_1863-6-scaled.jpg 1920w\" sizes=\"(max-width: 225px) 100vw, 225px\" \/> <img loading=\"lazy\" decoding=\"async\" class=\"alignnone size-medium wp-image-1981\" src=\"http:\/\/aquarellepassion.fr\/wordpress\/wp-content\/uploads\/IMG_1881-7-225x300.jpg\" alt=\"\" width=\"225\" height=\"300\" srcset=\"https:\/\/aquarellepassion.fr\/wordpress\/wp-content\/uploads\/IMG_1881-7-225x300.jpg 225w, https:\/\/aquarellepassion.fr\/wordpress\/wp-content\/uploads\/IMG_1881-7-768x1024.jpg 768w, https:\/\/aquarellepassion.fr\/wordpress\/wp-content\/uploads\/IMG_1881-7-1152x1536.jpg 1152w, https:\/\/aquarellepassion.fr\/wordpress\/wp-content\/uploads\/IMG_1881-7-1536x2048.jpg 1536w, https:\/\/aquarellepassion.fr\/wordpress\/wp-content\/uploads\/IMG_1881-7-scaled.jpg 1920w\" sizes=\"(max-width: 225px) 100vw, 225px\" \/><img loading=\"lazy\" decoding=\"async\" class=\"alignnone size-medium wp-image-1975\" src=\"http:\/\/aquarellepassion.fr\/wordpress\/wp-content\/uploads\/IMG_1884-2-225x300.jpg\" alt=\"\" width=\"225\" height=\"300\" srcset=\"https:\/\/aquarellepassion.fr\/wordpress\/wp-content\/uploads\/IMG_1884-2-225x300.jpg 225w, https:\/\/aquarellepassion.fr\/wordpress\/wp-content\/uploads\/IMG_1884-2-768x1024.jpg 768w, https:\/\/aquarellepassion.fr\/wordpress\/wp-content\/uploads\/IMG_1884-2-1152x1536.jpg 1152w, https:\/\/aquarellepassion.fr\/wordpress\/wp-content\/uploads\/IMG_1884-2-1536x2048.jpg 1536w, https:\/\/aquarellepassion.fr\/wordpress\/wp-content\/uploads\/IMG_1884-2-scaled.jpg 1920w\" sizes=\"(max-width: 225px) 100vw, 225px\" \/><img loading=\"lazy\" decoding=\"async\" class=\"alignnone size-medium wp-image-1970\" src=\"http:\/\/aquarellepassion.fr\/wordpress\/wp-content\/uploads\/IMG_1893-1-225x300.jpg\" alt=\"\" width=\"225\" height=\"300\" srcset=\"https:\/\/aquarellepassion.fr\/wordpress\/wp-content\/uploads\/IMG_1893-1-225x300.jpg 225w, https:\/\/aquarellepassion.fr\/wordpress\/wp-content\/uploads\/IMG_1893-1-768x1024.jpg 768w, https:\/\/aquarellepassion.fr\/wordpress\/wp-content\/uploads\/IMG_1893-1-1152x1536.jpg 1152w, https:\/\/aquarellepassion.fr\/wordpress\/wp-content\/uploads\/IMG_1893-1-1536x2048.jpg 1536w, https:\/\/aquarellepassion.fr\/wordpress\/wp-content\/uploads\/IMG_1893-1-scaled.jpg 1920w\" sizes=\"(max-width: 225px) 100vw, 225px\" \/><\/p>\n","protected":false},"excerpt":{"rendered":"","protected":false},"author":1,"featured_media":0,"parent":0,"menu_order":0,"comment_status":"closed","ping_status":"closed","template":"","meta":{"footnotes":""},"_links":{"self":[{"href":"https:\/\/aquarellepassion.fr\/wordpress\/index.php?rest_route=\/wp\/v2\/pages\/1882"}],"collection":[{"href":"https:\/\/aquarellepassion.fr\/wordpress\/index.php?rest_route=\/wp\/v2\/pages"}],"about":[{"href":"https:\/\/aquarellepassion.fr\/wordpress\/index.php?rest_route=\/wp\/v2\/types\/page"}],"author":[{"embeddable":true,"href":"https:\/\/aquarellepassion.fr\/wordpress\/index.php?rest_route=\/wp\/v2\/users\/1"}],"replies":[{"embeddable":true,"href":"https:\/\/aquarellepassion.fr\/wordpress\/index.php?rest_route=%2Fwp%2Fv2%2Fcomments&post=1882"}],"version-history":[{"count":13,"href":"https:\/\/aquarellepassion.fr\/wordpress\/index.php?rest_route=\/wp\/v2\/pages\/1882\/revisions"}],"predecessor-version":[{"id":1987,"href":"https:\/\/aquarellepassion.fr\/wordpress\/index.php?rest_route=\/wp\/v2\/pages\/1882\/revisions\/1987"}],"wp:attachment":[{"href":"https:\/\/aquarellepassion.fr\/wordpress\/index.php?rest_route=%2Fwp%2Fv2%2Fmedia&parent=1882"}],"curies":[{"name":"wp","href":"https:\/\/api.w.org\/{rel}","templated":true}]}}