{"id":1886,"date":"2022-08-07T15:56:39","date_gmt":"2022-08-07T14:56:39","guid":{"rendered":"http:\/\/aquarellepassion.fr\/wordpress\/?page_id=1886"},"modified":"2024-01-29T14:42:06","modified_gmt":"2024-01-29T13:42:06","slug":"evenement-a-venir-7","status":"publish","type":"page","link":"https:\/\/aquarellepassion.fr\/wordpress\/?page_id=1886","title":{"rendered":"Don de linges pour les enfants du service p\u00e9diatrique de l&#8217;h\u00f4pital d&#8217;Al\u00e8s le 24 Janvier 2024.Cr\u00e9ations par l&#8217;atelier couture de la Maison pour Tous louis Aragon des C\u00e9vennes, sponsoris\u00e9 par les Soroptimiste d&#8217;Anduze 30"},"content":{"rendered":"<p><img loading=\"lazy\" decoding=\"async\" class=\"alignnone size-medium wp-image-2006\" src=\"http:\/\/aquarellepassion.fr\/wordpress\/wp-content\/uploads\/Photos-service-pediatrique-hopital-dAles-11-226x300.jpg\" alt=\"\" width=\"226\" height=\"300\" srcset=\"https:\/\/aquarellepassion.fr\/wordpress\/wp-content\/uploads\/Photos-service-pediatrique-hopital-dAles-11-226x300.jpg 226w, https:\/\/aquarellepassion.fr\/wordpress\/wp-content\/uploads\/Photos-service-pediatrique-hopital-dAles-11-771x1024.jpg 771w, https:\/\/aquarellepassion.fr\/wordpress\/wp-content\/uploads\/Photos-service-pediatrique-hopital-dAles-11-768x1020.jpg 768w, https:\/\/aquarellepassion.fr\/wordpress\/wp-content\/uploads\/Photos-service-pediatrique-hopital-dAles-11-1157x1536.jpg 1157w, https:\/\/aquarellepassion.fr\/wordpress\/wp-content\/uploads\/Photos-service-pediatrique-hopital-dAles-11-1542x2048.jpg 1542w, https:\/\/aquarellepassion.fr\/wordpress\/wp-content\/uploads\/Photos-service-pediatrique-hopital-dAles-11-scaled.jpg 1928w\" sizes=\"(max-width: 226px) 100vw, 226px\" \/> <img loading=\"lazy\" decoding=\"async\" class=\"alignnone size-medium wp-image-2004\" src=\"http:\/\/aquarellepassion.fr\/wordpress\/wp-content\/uploads\/Photos-service-pediatrique-hopital-dAles-9-226x300.jpg\" alt=\"\" width=\"226\" height=\"300\" srcset=\"https:\/\/aquarellepassion.fr\/wordpress\/wp-content\/uploads\/Photos-service-pediatrique-hopital-dAles-9-226x300.jpg 226w, https:\/\/aquarellepassion.fr\/wordpress\/wp-content\/uploads\/Photos-service-pediatrique-hopital-dAles-9-771x1024.jpg 771w, https:\/\/aquarellepassion.fr\/wordpress\/wp-content\/uploads\/Photos-service-pediatrique-hopital-dAles-9-768x1020.jpg 768w, https:\/\/aquarellepassion.fr\/wordpress\/wp-content\/uploads\/Photos-service-pediatrique-hopital-dAles-9-1157x1536.jpg 1157w, https:\/\/aquarellepassion.fr\/wordpress\/wp-content\/uploads\/Photos-service-pediatrique-hopital-dAles-9-1542x2048.jpg 1542w, https:\/\/aquarellepassion.fr\/wordpress\/wp-content\/uploads\/Photos-service-pediatrique-hopital-dAles-9-scaled.jpg 1928w\" sizes=\"(max-width: 226px) 100vw, 226px\" \/> <img loading=\"lazy\" decoding=\"async\" class=\"alignnone size-medium wp-image-2003\" src=\"http:\/\/aquarellepassion.fr\/wordpress\/wp-content\/uploads\/Photos-service-pediatrique-hopital-dAles-8-300x226.jpg\" alt=\"\" width=\"300\" height=\"226\" srcset=\"https:\/\/aquarellepassion.fr\/wordpress\/wp-content\/uploads\/Photos-service-pediatrique-hopital-dAles-8-300x226.jpg 300w, https:\/\/aquarellepassion.fr\/wordpress\/wp-content\/uploads\/Photos-service-pediatrique-hopital-dAles-8-1024x771.jpg 1024w, https:\/\/aquarellepassion.fr\/wordpress\/wp-content\/uploads\/Photos-service-pediatrique-hopital-dAles-8-768x578.jpg 768w, https:\/\/aquarellepassion.fr\/wordpress\/wp-content\/uploads\/Photos-service-pediatrique-hopital-dAles-8-1536x1157.jpg 1536w, https:\/\/aquarellepassion.fr\/wordpress\/wp-content\/uploads\/Photos-service-pediatrique-hopital-dAles-8-2048x1542.jpg 2048w\" sizes=\"(max-width: 300px) 100vw, 300px\" \/> <img loading=\"lazy\" decoding=\"async\" class=\"alignnone size-medium wp-image-2002\" src=\"http:\/\/aquarellepassion.fr\/wordpress\/wp-content\/uploads\/Photos-service-pediatrique-hopital-dAles-7-226x300.jpg\" alt=\"\" width=\"226\" height=\"300\" srcset=\"https:\/\/aquarellepassion.fr\/wordpress\/wp-content\/uploads\/Photos-service-pediatrique-hopital-dAles-7-226x300.jpg 226w, https:\/\/aquarellepassion.fr\/wordpress\/wp-content\/uploads\/Photos-service-pediatrique-hopital-dAles-7-771x1024.jpg 771w, https:\/\/aquarellepassion.fr\/wordpress\/wp-content\/uploads\/Photos-service-pediatrique-hopital-dAles-7-768x1020.jpg 768w, https:\/\/aquarellepassion.fr\/wordpress\/wp-content\/uploads\/Photos-service-pediatrique-hopital-dAles-7-1157x1536.jpg 1157w, https:\/\/aquarellepassion.fr\/wordpress\/wp-content\/uploads\/Photos-service-pediatrique-hopital-dAles-7-1542x2048.jpg 1542w, https:\/\/aquarellepassion.fr\/wordpress\/wp-content\/uploads\/Photos-service-pediatrique-hopital-dAles-7-scaled.jpg 1928w\" sizes=\"(max-width: 226px) 100vw, 226px\" \/> <img loading=\"lazy\" decoding=\"async\" class=\"alignnone size-medium wp-image-2001\" src=\"http:\/\/aquarellepassion.fr\/wordpress\/wp-content\/uploads\/Photos-service-pediatrique-hopital-dAles-6-300x226.jpg\" alt=\"\" width=\"300\" height=\"226\" srcset=\"https:\/\/aquarellepassion.fr\/wordpress\/wp-content\/uploads\/Photos-service-pediatrique-hopital-dAles-6-300x226.jpg 300w, https:\/\/aquarellepassion.fr\/wordpress\/wp-content\/uploads\/Photos-service-pediatrique-hopital-dAles-6-1024x771.jpg 1024w, https:\/\/aquarellepassion.fr\/wordpress\/wp-content\/uploads\/Photos-service-pediatrique-hopital-dAles-6-768x578.jpg 768w, https:\/\/aquarellepassion.fr\/wordpress\/wp-content\/uploads\/Photos-service-pediatrique-hopital-dAles-6-1536x1157.jpg 1536w, https:\/\/aquarellepassion.fr\/wordpress\/wp-content\/uploads\/Photos-service-pediatrique-hopital-dAles-6-2048x1542.jpg 2048w\" sizes=\"(max-width: 300px) 100vw, 300px\" \/> <img loading=\"lazy\" decoding=\"async\" class=\"alignnone size-medium wp-image-1999\" src=\"http:\/\/aquarellepassion.fr\/wordpress\/wp-content\/uploads\/Photos-service-pediatrique-hopital-dAles-4-226x300.jpg\" alt=\"\" width=\"226\" height=\"300\" srcset=\"https:\/\/aquarellepassion.fr\/wordpress\/wp-content\/uploads\/Photos-service-pediatrique-hopital-dAles-4-226x300.jpg 226w, https:\/\/aquarellepassion.fr\/wordpress\/wp-content\/uploads\/Photos-service-pediatrique-hopital-dAles-4-771x1024.jpg 771w, https:\/\/aquarellepassion.fr\/wordpress\/wp-content\/uploads\/Photos-service-pediatrique-hopital-dAles-4-768x1020.jpg 768w, https:\/\/aquarellepassion.fr\/wordpress\/wp-content\/uploads\/Photos-service-pediatrique-hopital-dAles-4-1157x1536.jpg 1157w, https:\/\/aquarellepassion.fr\/wordpress\/wp-content\/uploads\/Photos-service-pediatrique-hopital-dAles-4-1542x2048.jpg 1542w, https:\/\/aquarellepassion.fr\/wordpress\/wp-content\/uploads\/Photos-service-pediatrique-hopital-dAles-4-scaled.jpg 1928w\" sizes=\"(max-width: 226px) 100vw, 226px\" \/> <img loading=\"lazy\" decoding=\"async\" class=\"alignnone size-medium wp-image-1997\" src=\"http:\/\/aquarellepassion.fr\/wordpress\/wp-content\/uploads\/Photos-service-pediatrique-hopital-dAles-2-226x300.jpg\" alt=\"\" width=\"226\" height=\"300\" srcset=\"https:\/\/aquarellepassion.fr\/wordpress\/wp-content\/uploads\/Photos-service-pediatrique-hopital-dAles-2-226x300.jpg 226w, https:\/\/aquarellepassion.fr\/wordpress\/wp-content\/uploads\/Photos-service-pediatrique-hopital-dAles-2-771x1024.jpg 771w, https:\/\/aquarellepassion.fr\/wordpress\/wp-content\/uploads\/Photos-service-pediatrique-hopital-dAles-2-768x1020.jpg 768w, https:\/\/aquarellepassion.fr\/wordpress\/wp-content\/uploads\/Photos-service-pediatrique-hopital-dAles-2-1157x1536.jpg 1157w, https:\/\/aquarellepassion.fr\/wordpress\/wp-content\/uploads\/Photos-service-pediatrique-hopital-dAles-2-1542x2048.jpg 1542w, https:\/\/aquarellepassion.fr\/wordpress\/wp-content\/uploads\/Photos-service-pediatrique-hopital-dAles-2-scaled.jpg 1928w\" sizes=\"(max-width: 226px) 100vw, 226px\" \/><img loading=\"lazy\" decoding=\"async\" class=\"alignnone size-medium wp-image-2006\" src=\"http:\/\/aquarellepassion.fr\/wordpress\/wp-content\/uploads\/Photos-service-pediatrique-hopital-dAles-11-226x300.jpg\" alt=\"\" width=\"226\" height=\"300\" srcset=\"https:\/\/aquarellepassion.fr\/wordpress\/wp-content\/uploads\/Photos-service-pediatrique-hopital-dAles-11-226x300.jpg 226w, https:\/\/aquarellepassion.fr\/wordpress\/wp-content\/uploads\/Photos-service-pediatrique-hopital-dAles-11-771x1024.jpg 771w, https:\/\/aquarellepassion.fr\/wordpress\/wp-content\/uploads\/Photos-service-pediatrique-hopital-dAles-11-768x1020.jpg 768w, https:\/\/aquarellepassion.fr\/wordpress\/wp-content\/uploads\/Photos-service-pediatrique-hopital-dAles-11-1157x1536.jpg 1157w, https:\/\/aquarellepassion.fr\/wordpress\/wp-content\/uploads\/Photos-service-pediatrique-hopital-dAles-11-1542x2048.jpg 1542w, https:\/\/aquarellepassion.fr\/wordpress\/wp-content\/uploads\/Photos-service-pediatrique-hopital-dAles-11-scaled.jpg 1928w\" sizes=\"(max-width: 226px) 100vw, 226px\" \/> <img loading=\"lazy\" decoding=\"async\" class=\"alignnone size-medium wp-image-2005\" src=\"http:\/\/aquarellepassion.fr\/wordpress\/wp-content\/uploads\/Photos-service-pediatrique-hopital-dAles-10-226x300.jpg\" alt=\"\" width=\"226\" height=\"300\" srcset=\"https:\/\/aquarellepassion.fr\/wordpress\/wp-content\/uploads\/Photos-service-pediatrique-hopital-dAles-10-226x300.jpg 226w, https:\/\/aquarellepassion.fr\/wordpress\/wp-content\/uploads\/Photos-service-pediatrique-hopital-dAles-10-771x1024.jpg 771w, https:\/\/aquarellepassion.fr\/wordpress\/wp-content\/uploads\/Photos-service-pediatrique-hopital-dAles-10-768x1020.jpg 768w, https:\/\/aquarellepassion.fr\/wordpress\/wp-content\/uploads\/Photos-service-pediatrique-hopital-dAles-10-1157x1536.jpg 1157w, https:\/\/aquarellepassion.fr\/wordpress\/wp-content\/uploads\/Photos-service-pediatrique-hopital-dAles-10-1542x2048.jpg 1542w, https:\/\/aquarellepassion.fr\/wordpress\/wp-content\/uploads\/Photos-service-pediatrique-hopital-dAles-10-scaled.jpg 1928w\" sizes=\"(max-width: 226px) 100vw, 226px\" \/> <img loading=\"lazy\" decoding=\"async\" class=\"alignnone size-medium wp-image-2001\" src=\"http:\/\/aquarellepassion.fr\/wordpress\/wp-content\/uploads\/Photos-service-pediatrique-hopital-dAles-6-300x226.jpg\" alt=\"\" width=\"300\" height=\"226\" srcset=\"https:\/\/aquarellepassion.fr\/wordpress\/wp-content\/uploads\/Photos-service-pediatrique-hopital-dAles-6-300x226.jpg 300w, https:\/\/aquarellepassion.fr\/wordpress\/wp-content\/uploads\/Photos-service-pediatrique-hopital-dAles-6-1024x771.jpg 1024w, https:\/\/aquarellepassion.fr\/wordpress\/wp-content\/uploads\/Photos-service-pediatrique-hopital-dAles-6-768x578.jpg 768w, https:\/\/aquarellepassion.fr\/wordpress\/wp-content\/uploads\/Photos-service-pediatrique-hopital-dAles-6-1536x1157.jpg 1536w, https:\/\/aquarellepassion.fr\/wordpress\/wp-content\/uploads\/Photos-service-pediatrique-hopital-dAles-6-2048x1542.jpg 2048w\" sizes=\"(max-width: 300px) 100vw, 300px\" \/><img loading=\"lazy\" decoding=\"async\" class=\"alignnone size-medium wp-image-1998\" src=\"http:\/\/aquarellepassion.fr\/wordpress\/wp-content\/uploads\/Photos-service-pediatrique-hopital-dAles-3-300x226.jpg\" alt=\"\" width=\"300\" height=\"226\" srcset=\"https:\/\/aquarellepassion.fr\/wordpress\/wp-content\/uploads\/Photos-service-pediatrique-hopital-dAles-3-300x226.jpg 300w, https:\/\/aquarellepassion.fr\/wordpress\/wp-content\/uploads\/Photos-service-pediatrique-hopital-dAles-3-1024x771.jpg 1024w, https:\/\/aquarellepassion.fr\/wordpress\/wp-content\/uploads\/Photos-service-pediatrique-hopital-dAles-3-768x578.jpg 768w, https:\/\/aquarellepassion.fr\/wordpress\/wp-content\/uploads\/Photos-service-pediatrique-hopital-dAles-3-1536x1157.jpg 1536w, https:\/\/aquarellepassion.fr\/wordpress\/wp-content\/uploads\/Photos-service-pediatrique-hopital-dAles-3-2048x1542.jpg 2048w\" sizes=\"(max-width: 300px) 100vw, 300px\" \/><img loading=\"lazy\" decoding=\"async\" class=\"alignnone size-medium wp-image-2013\" src=\"http:\/\/aquarellepassion.fr\/wordpress\/wp-content\/uploads\/IMG_1560-225x300.jpg\" alt=\"\" width=\"225\" height=\"300\" srcset=\"https:\/\/aquarellepassion.fr\/wordpress\/wp-content\/uploads\/IMG_1560-225x300.jpg 225w, https:\/\/aquarellepassion.fr\/wordpress\/wp-content\/uploads\/IMG_1560-rotated.jpg 480w\" sizes=\"(max-width: 225px) 100vw, 225px\" \/><img loading=\"lazy\" decoding=\"async\" class=\"alignnone size-medium wp-image-2015\" src=\"http:\/\/aquarellepassion.fr\/wordpress\/wp-content\/uploads\/IMG_1562-225x300.jpg\" alt=\"\" width=\"225\" height=\"300\" srcset=\"https:\/\/aquarellepassion.fr\/wordpress\/wp-content\/uploads\/IMG_1562-225x300.jpg 225w, https:\/\/aquarellepassion.fr\/wordpress\/wp-content\/uploads\/IMG_1562-rotated.jpg 480w\" sizes=\"(max-width: 225px) 100vw, 225px\" \/> <img loading=\"lazy\" decoding=\"async\" class=\"alignnone size-medium wp-image-2012\" src=\"http:\/\/aquarellepassion.fr\/wordpress\/wp-content\/uploads\/IMG_1533-225x300.jpg\" alt=\"\" width=\"225\" height=\"300\" srcset=\"https:\/\/aquarellepassion.fr\/wordpress\/wp-content\/uploads\/IMG_1533-225x300.jpg 225w, https:\/\/aquarellepassion.fr\/wordpress\/wp-content\/uploads\/IMG_1533-rotated.jpg 480w\" sizes=\"(max-width: 225px) 100vw, 225px\" \/> <img loading=\"lazy\" decoding=\"async\" class=\"alignnone size-medium wp-image-2011\" src=\"http:\/\/aquarellepassion.fr\/wordpress\/wp-content\/uploads\/IMG_1525-225x300.jpg\" alt=\"\" width=\"225\" height=\"300\" srcset=\"https:\/\/aquarellepassion.fr\/wordpress\/wp-content\/uploads\/IMG_1525-225x300.jpg 225w, https:\/\/aquarellepassion.fr\/wordpress\/wp-content\/uploads\/IMG_1525-rotated.jpg 480w\" sizes=\"(max-width: 225px) 100vw, 225px\" \/> <img loading=\"lazy\" decoding=\"async\" class=\"alignnone size-medium wp-image-2014\" src=\"http:\/\/aquarellepassion.fr\/wordpress\/wp-content\/uploads\/IMG_1561-225x300.jpg\" alt=\"\" width=\"225\" height=\"300\" srcset=\"https:\/\/aquarellepassion.fr\/wordpress\/wp-content\/uploads\/IMG_1561-225x300.jpg 225w, https:\/\/aquarellepassion.fr\/wordpress\/wp-content\/uploads\/IMG_1561-rotated.jpg 480w\" sizes=\"(max-width: 225px) 100vw, 225px\" \/><\/p>\n","protected":false},"excerpt":{"rendered":"","protected":false},"author":1,"featured_media":0,"parent":0,"menu_order":0,"comment_status":"closed","ping_status":"closed","template":"","meta":{"footnotes":""},"_links":{"self":[{"href":"https:\/\/aquarellepassion.fr\/wordpress\/index.php?rest_route=\/wp\/v2\/pages\/1886"}],"collection":[{"href":"https:\/\/aquarellepassion.fr\/wordpress\/index.php?rest_route=\/wp\/v2\/pages"}],"about":[{"href":"https:\/\/aquarellepassion.fr\/wordpress\/index.php?rest_route=\/wp\/v2\/types\/page"}],"author":[{"embeddable":true,"href":"https:\/\/aquarellepassion.fr\/wordpress\/index.php?rest_route=\/wp\/v2\/users\/1"}],"replies":[{"embeddable":true,"href":"https:\/\/aquarellepassion.fr\/wordpress\/index.php?rest_route=%2Fwp%2Fv2%2Fcomments&post=1886"}],"version-history":[{"count":15,"href":"https:\/\/aquarellepassion.fr\/wordpress\/index.php?rest_route=\/wp\/v2\/pages\/1886\/revisions"}],"predecessor-version":[{"id":2019,"href":"https:\/\/aquarellepassion.fr\/wordpress\/index.php?rest_route=\/wp\/v2\/pages\/1886\/revisions\/2019"}],"wp:attachment":[{"href":"https:\/\/aquarellepassion.fr\/wordpress\/index.php?rest_route=%2Fwp%2Fv2%2Fmedia&parent=1886"}],"curies":[{"name":"wp","href":"https:\/\/api.w.org\/{rel}","templated":true}]}}