{"id":1890,"date":"2022-08-07T16:00:51","date_gmt":"2022-08-07T15:00:51","guid":{"rendered":"http:\/\/aquarellepassion.fr\/wordpress\/?page_id=1890"},"modified":"2024-02-18T17:35:49","modified_gmt":"2024-02-18T16:35:49","slug":"evenement-a-venir-8","status":"publish","type":"page","link":"https:\/\/aquarellepassion.fr\/wordpress\/?page_id=1890","title":{"rendered":"Exposition Aquarellepassion avec ses ateliers de la Maison pour tous des C\u00e9vennes et du P\u00f4le culturel de rochebelle espace Andr\u00e9 Chamson 30100 ALES du 26 Mars au 05 Avril 2024"},"content":{"rendered":"","protected":false},"excerpt":{"rendered":"","protected":false},"author":1,"featured_media":0,"parent":0,"menu_order":0,"comment_status":"closed","ping_status":"closed","template":"","meta":{"footnotes":""},"_links":{"self":[{"href":"https:\/\/aquarellepassion.fr\/wordpress\/index.php?rest_route=\/wp\/v2\/pages\/1890"}],"collection":[{"href":"https:\/\/aquarellepassion.fr\/wordpress\/index.php?rest_route=\/wp\/v2\/pages"}],"about":[{"href":"https:\/\/aquarellepassion.fr\/wordpress\/index.php?rest_route=\/wp\/v2\/types\/page"}],"author":[{"embeddable":true,"href":"https:\/\/aquarellepassion.fr\/wordpress\/index.php?rest_route=\/wp\/v2\/users\/1"}],"replies":[{"embeddable":true,"href":"https:\/\/aquarellepassion.fr\/wordpress\/index.php?rest_route=%2Fwp%2Fv2%2Fcomments&post=1890"}],"version-history":[{"count":11,"href":"https:\/\/aquarellepassion.fr\/wordpress\/index.php?rest_route=\/wp\/v2\/pages\/1890\/revisions"}],"predecessor-version":[{"id":2031,"href":"https:\/\/aquarellepassion.fr\/wordpress\/index.php?rest_route=\/wp\/v2\/pages\/1890\/revisions\/2031"}],"wp:attachment":[{"href":"https:\/\/aquarellepassion.fr\/wordpress\/index.php?rest_route=%2Fwp%2Fv2%2Fmedia&parent=1890"}],"curies":[{"name":"wp","href":"https:\/\/api.w.org\/{rel}","templated":true}]}}