{"id":1894,"date":"2022-08-07T16:01:55","date_gmt":"2022-08-07T15:01:55","guid":{"rendered":"http:\/\/aquarellepassion.fr\/wordpress\/?page_id=1894"},"modified":"2024-09-22T16:15:08","modified_gmt":"2024-09-22T15:15:08","slug":"evenement-a-venir-9","status":"publish","type":"page","link":"https:\/\/aquarellepassion.fr\/wordpress\/?page_id=1894","title":{"rendered":"Journ\u00e9e des peintres dans la rue au p\u00f4le culturel et scientifique de Rochebelle d&#8217;Al\u00e8s le 21 Septembre 2024"},"content":{"rendered":"<figure id=\"attachment_2044\" aria-describedby=\"caption-attachment-2044\" style=\"width: 400px\" class=\"wp-caption aligncenter\"><img loading=\"lazy\" decoding=\"async\" class=\"wp-image-2044\" src=\"http:\/\/aquarellepassion.fr\/wordpress\/wp-content\/uploads\/IMG_2557-scaled.jpg\" alt=\"\" width=\"400\" height=\"533\" srcset=\"https:\/\/aquarellepassion.fr\/wordpress\/wp-content\/uploads\/IMG_2557-scaled.jpg 1920w, https:\/\/aquarellepassion.fr\/wordpress\/wp-content\/uploads\/IMG_2557-225x300.jpg 225w, https:\/\/aquarellepassion.fr\/wordpress\/wp-content\/uploads\/IMG_2557-768x1024.jpg 768w, https:\/\/aquarellepassion.fr\/wordpress\/wp-content\/uploads\/IMG_2557-1152x1536.jpg 1152w, https:\/\/aquarellepassion.fr\/wordpress\/wp-content\/uploads\/IMG_2557-1536x2048.jpg 1536w\" sizes=\"(max-width: 400px) 100vw, 400px\" \/><figcaption id=\"caption-attachment-2044\" class=\"wp-caption-text\">L&#8217;organisatrice Colette Avouac Casas avec ses 3 prix<\/figcaption><\/figure>\n<figure id=\"attachment_2043\" aria-describedby=\"caption-attachment-2043\" style=\"width: 240px\" class=\"wp-caption alignleft\"><img loading=\"lazy\" decoding=\"async\" class=\"wp-image-2043\" src=\"http:\/\/aquarellepassion.fr\/wordpress\/wp-content\/uploads\/IMG_2556-225x300.jpg\" alt=\"\" width=\"240\" height=\"320\" srcset=\"https:\/\/aquarellepassion.fr\/wordpress\/wp-content\/uploads\/IMG_2556-225x300.jpg 225w, https:\/\/aquarellepassion.fr\/wordpress\/wp-content\/uploads\/IMG_2556-768x1024.jpg 768w, https:\/\/aquarellepassion.fr\/wordpress\/wp-content\/uploads\/IMG_2556-1152x1536.jpg 1152w, https:\/\/aquarellepassion.fr\/wordpress\/wp-content\/uploads\/IMG_2556-1536x2048.jpg 1536w, https:\/\/aquarellepassion.fr\/wordpress\/wp-content\/uploads\/IMG_2556-scaled.jpg 1920w\" sizes=\"(max-width: 240px) 100vw, 240px\" \/><figcaption id=\"caption-attachment-2043\" class=\"wp-caption-text\">1 er prix Mme Urgelli Denise de N\u00eemes<\/figcaption><\/figure>\n<figure id=\"attachment_2041\" aria-describedby=\"caption-attachment-2041\" style=\"width: 225px\" class=\"wp-caption alignright\"><img loading=\"lazy\" decoding=\"async\" class=\"wp-image-2041 size-medium\" src=\"http:\/\/aquarellepassion.fr\/wordpress\/wp-content\/uploads\/IMG_2554-225x300.jpg\" alt=\"\" width=\"225\" height=\"300\" srcset=\"https:\/\/aquarellepassion.fr\/wordpress\/wp-content\/uploads\/IMG_2554-225x300.jpg 225w, https:\/\/aquarellepassion.fr\/wordpress\/wp-content\/uploads\/IMG_2554-768x1024.jpg 768w, https:\/\/aquarellepassion.fr\/wordpress\/wp-content\/uploads\/IMG_2554-1152x1536.jpg 1152w, https:\/\/aquarellepassion.fr\/wordpress\/wp-content\/uploads\/IMG_2554-1536x2048.jpg 1536w, https:\/\/aquarellepassion.fr\/wordpress\/wp-content\/uploads\/IMG_2554-scaled.jpg 1920w\" sizes=\"(max-width: 225px) 100vw, 225px\" \/><figcaption id=\"caption-attachment-2041\" class=\"wp-caption-text\">2 -\u00e8me prix Mme Calis Nadine<\/figcaption><\/figure>\n<figure id=\"attachment_2042\" aria-describedby=\"caption-attachment-2042\" style=\"width: 225px\" class=\"wp-caption aligncenter\"><img loading=\"lazy\" decoding=\"async\" class=\"wp-image-2042 size-medium\" src=\"http:\/\/aquarellepassion.fr\/wordpress\/wp-content\/uploads\/IMG_2555-225x300.jpg\" alt=\"\" width=\"225\" height=\"300\" srcset=\"https:\/\/aquarellepassion.fr\/wordpress\/wp-content\/uploads\/IMG_2555-225x300.jpg 225w, https:\/\/aquarellepassion.fr\/wordpress\/wp-content\/uploads\/IMG_2555-768x1024.jpg 768w, https:\/\/aquarellepassion.fr\/wordpress\/wp-content\/uploads\/IMG_2555-1152x1536.jpg 1152w, https:\/\/aquarellepassion.fr\/wordpress\/wp-content\/uploads\/IMG_2555-1536x2048.jpg 1536w, https:\/\/aquarellepassion.fr\/wordpress\/wp-content\/uploads\/IMG_2555-scaled.jpg 1920w\" sizes=\"(max-width: 225px) 100vw, 225px\" \/><figcaption id=\"caption-attachment-2042\" class=\"wp-caption-text\">3 -\u00e8me prix Mme Vidal Sabine<\/figcaption><\/figure>\n<p>&nbsp;<\/p>\n","protected":false},"excerpt":{"rendered":"<p>&nbsp;<\/p>\n","protected":false},"author":1,"featured_media":0,"parent":0,"menu_order":0,"comment_status":"closed","ping_status":"closed","template":"","meta":{"footnotes":""},"_links":{"self":[{"href":"https:\/\/aquarellepassion.fr\/wordpress\/index.php?rest_route=\/wp\/v2\/pages\/1894"}],"collection":[{"href":"https:\/\/aquarellepassion.fr\/wordpress\/index.php?rest_route=\/wp\/v2\/pages"}],"about":[{"href":"https:\/\/aquarellepassion.fr\/wordpress\/index.php?rest_route=\/wp\/v2\/types\/page"}],"author":[{"embeddable":true,"href":"https:\/\/aquarellepassion.fr\/wordpress\/index.php?rest_route=\/wp\/v2\/users\/1"}],"replies":[{"embeddable":true,"href":"https:\/\/aquarellepassion.fr\/wordpress\/index.php?rest_route=%2Fwp%2Fv2%2Fcomments&post=1894"}],"version-history":[{"count":9,"href":"https:\/\/aquarellepassion.fr\/wordpress\/index.php?rest_route=\/wp\/v2\/pages\/1894\/revisions"}],"predecessor-version":[{"id":2059,"href":"https:\/\/aquarellepassion.fr\/wordpress\/index.php?rest_route=\/wp\/v2\/pages\/1894\/revisions\/2059"}],"wp:attachment":[{"href":"https:\/\/aquarellepassion.fr\/wordpress\/index.php?rest_route=%2Fwp%2Fv2%2Fmedia&parent=1894"}],"curies":[{"name":"wp","href":"https:\/\/api.w.org\/{rel}","templated":true}]}}